{"id":286,"date":"2017-12-01T18:38:07","date_gmt":"2017-12-01T18:38:07","guid":{"rendered":"http:\/\/offhn.com\/?page_id=286"},"modified":"2018-10-01T23:23:28","modified_gmt":"2018-10-01T23:23:28","slug":"herceg-novi-2","status":"publish","type":"page","link":"https:\/\/offhn.com\/?page_id=286&lang=bs","title":{"rendered":"Herceg Novi"},"content":{"rendered":"<p><img loading=\"lazy\" decoding=\"async\" class=\"aligncenter size-full wp-image-323\" src=\"https:\/\/offhn.com\/wp-content\/uploads\/2017\/12\/herceg-novi.jpg\" alt=\"\" width=\"700\" height=\"451\" srcset=\"https:\/\/offhn.com\/wp-content\/uploads\/2017\/12\/herceg-novi.jpg 700w, https:\/\/offhn.com\/wp-content\/uploads\/2017\/12\/herceg-novi-300x193.jpg 300w, https:\/\/offhn.com\/wp-content\/uploads\/2017\/12\/herceg-novi-150x97.jpg 150w\" sizes=\"(max-width: 700px) 100vw, 700px\" \/><\/p>\n<p>Grad u kom su se umjetnici napajali svjetlo\u0161\u0107u i ljepotom. Nigdje nema toliko cvije\u0107a, sunca, plavetnila i maestrala koji doziva\u2026 Me\u0111u kamenim zidinama, trenutak predaha ili nadahnu\u0107a, tra\u017eili su mnogi pisci, pa i nobelovac Ivo Andri\u0107. A sam Petar II Petrovi\u0107 Njego\u0161, najve\u0107i crnogorski mislilac, filozof, pjesnik, duhovni i svetovni vladar, sa nepunih devet godina na hercegnovskom podneblju se napajao prvom lu\u010dom saznanja.<\/p>\n<p>Grad izme\u0111u planine Orjen i ulaza u Bokokotorski zaliv, osnovan je u 14. vijeku. Herceg Novim su vladali Mleci, Turci, kratko \u0160panci, Austrijanci&#8230; O prvim danima, kada je 1382. godine temelje gradu udario Tvrtko I Kotromani\u0107, jo\u0161 svjedo\u010de ostaci zidina, palata, ckvi, tvr\u0111ava. Nazvao ga je Sveti Stefan, ali je on kao jedan od najmla\u0111ih gradova na Jadranu nazivan i Novi, Castrum Novum, Castel Nuovo&#8230; Dodatak \u201cherceg\u201d dobio je za vrijeme vladavine herceg Stjepana Vuk\u010di\u0107a Kosa\u010de, kada je do\u017eivio najve\u0107i procvat.<\/p>\n","protected":false},"excerpt":{"rendered":"<p>Grad u kom su se umjetnici napajali svjetlo\u0161\u0107u i ljepotom. Nigdje nema toliko cvije\u0107a, sunca, plavetnila i maestrala koji doziva\u2026 Me\u0111u kamenim zidinama, trenutak predaha ili nadahnu\u0107a, tra\u017eili su mnogi pisci, pa i nobelovac Ivo Andri\u0107. A sam Petar II Petrovi\u0107 Njego\u0161, najve\u0107i crnogorski mislilac, filozof, pjesnik, duhovni i svetovni\u2026<\/p>\n<p> <a class=\"continue-reading-link\" href=\"https:\/\/offhn.com\/?page_id=286&#038;lang=bs\"><span>Continue reading<\/span><i class=\"crycon-right-dir\"><\/i><\/a> <\/p>\n","protected":false},"author":1,"featured_media":323,"parent":0,"menu_order":0,"comment_status":"closed","ping_status":"closed","template":"","meta":{"_exactmetrics_skip_tracking":false,"_exactmetrics_sitenote_active":false,"_exactmetrics_sitenote_note":"","_exactmetrics_sitenote_category":0,"footnotes":""},"_links":{"self":[{"href":"https:\/\/offhn.com\/index.php?rest_route=\/wp\/v2\/pages\/286"}],"collection":[{"href":"https:\/\/offhn.com\/index.php?rest_route=\/wp\/v2\/pages"}],"about":[{"href":"https:\/\/offhn.com\/index.php?rest_route=\/wp\/v2\/types\/page"}],"author":[{"embeddable":true,"href":"https:\/\/offhn.com\/index.php?rest_route=\/wp\/v2\/users\/1"}],"replies":[{"embeddable":true,"href":"https:\/\/offhn.com\/index.php?rest_route=%2Fwp%2Fv2%2Fcomments&post=286"}],"version-history":[{"count":3,"href":"https:\/\/offhn.com\/index.php?rest_route=\/wp\/v2\/pages\/286\/revisions"}],"predecessor-version":[{"id":326,"href":"https:\/\/offhn.com\/index.php?rest_route=\/wp\/v2\/pages\/286\/revisions\/326"}],"wp:featuredmedia":[{"embeddable":true,"href":"https:\/\/offhn.com\/index.php?rest_route=\/wp\/v2\/media\/323"}],"wp:attachment":[{"href":"https:\/\/offhn.com\/index.php?rest_route=%2Fwp%2Fv2%2Fmedia&parent=286"}],"curies":[{"name":"wp","href":"https:\/\/api.w.org\/{rel}","templated":true}]}}